{"id":5804,"date":"2024-03-25T19:08:31","date_gmt":"2024-03-25T16:08:31","guid":{"rendered":"https:\/\/agrokur.com\/?page_id=5804"},"modified":"2024-03-29T15:28:04","modified_gmt":"2024-03-29T12:28:04","slug":"karbon-tarimi","status":"publish","type":"page","link":"https:\/\/agrokur.com\/?page_id=5804","title":{"rendered":"Karbon Tar\u0131m\u0131"},"content":{"rendered":"\t\t<div data-elementor-type=\"wp-page\" data-elementor-id=\"5804\" class=\"elementor elementor-5804\">\n\t\t\t\t<div class=\"elementor-element elementor-element-52ba7a04 e-flex e-con-boxed e-con e-parent\" data-id=\"52ba7a04\" data-element_type=\"container\" data-settings=\"{&quot;background_background&quot;:&quot;classic&quot;}\">\n\t\t\t\t\t<div class=\"e-con-inner\">\n\t\t\t\t<div class=\"elementor-element elementor-element-67b94c6e elementor-widget elementor-widget-heading\" data-id=\"67b94c6e\" data-element_type=\"widget\" data-widget_type=\"heading.default\">\n\t\t\t\t<div class=\"elementor-widget-container\">\n\t\t\t\t\t<h2 class=\"elementor-heading-title elementor-size-default\">Karbon Tar\u0131m\u0131<\/h2>\t\t\t\t<\/div>\n\t\t\t\t<\/div>\n\t\t\t\t\t<\/div>\n\t\t\t\t<\/div>\n\t\t<div class=\"elementor-element elementor-element-4893dae2 e-con-full e-flex e-con e-parent\" data-id=\"4893dae2\" data-element_type=\"container\" id=\"next\">\n\t\t\t\t<div class=\"elementor-element elementor-element-2f4bacf0 elementor-widget elementor-widget-heading\" data-id=\"2f4bacf0\" data-element_type=\"widget\" data-widget_type=\"heading.default\">\n\t\t\t\t<div class=\"elementor-widget-container\">\n\t\t\t\t\t<h3 class=\"elementor-heading-title elementor-size-default\">T\u00fcrkiye'de Karbon Tar\u0131m\u0131 Yapan \u0130lk Firma<\/h3>\t\t\t\t<\/div>\n\t\t\t\t<\/div>\n\t\t\t\t<div class=\"elementor-element elementor-element-5cac758 elementor-widget elementor-widget-heading\" data-id=\"5cac758\" data-element_type=\"widget\" data-widget_type=\"heading.default\">\n\t\t\t\t<div class=\"elementor-widget-container\">\n\t\t\t\t\t<p class=\"elementor-heading-title elementor-size-default\">Kendi tar\u0131m alanlar\u0131m\u0131zda karbon tar\u0131m ile topra\u011f\u0131 koruyarak biyolojik \u00e7e\u015fitlili\u011fi artt\u0131racak ve co2 emisyonunu azaltarak karbon kredisi elde edece\u011fiz. \u00d6z\u00fcnde topra\u011f\u0131n co2 sal\u0131n\u0131m\u0131n\u0131 azaltma i\u015flemini onar\u0131c\u0131 tar\u0131m faaliyeti, organik tar\u0131m faaliyetleri ile sa\u011flayaca\u011f\u0131z. Karbon tar\u0131m\u0131, Agroekolojik yakla\u015f\u0131mlarla yap\u0131lan tar\u0131mda baz\u0131 spesifik tar\u0131msal uygulamalarla iklim de\u011fi\u015fikli\u011fini azaltmak i\u00e7in \u00e7iftlik d\u00fczeyinde karbon ve sera gaz\u0131 ak\u0131\u015f\u0131n\u0131 y\u00f6netmeye odaklan\u0131r.  <\/p>\t\t\t\t<\/div>\n\t\t\t\t<\/div>\n\t\t<div class=\"elementor-element elementor-element-53699dc0 e-con-full e-flex e-con e-child\" data-id=\"53699dc0\" data-element_type=\"container\">\n\t\t<div class=\"elementor-element elementor-element-2cd5b552 e-con-full e-flex e-con e-child\" data-id=\"2cd5b552\" data-element_type=\"container\">\n\t\t\t\t<div class=\"elementor-element elementor-element-3d5b6f87 elementor-position-top elementor-widget elementor-widget-image-box\" data-id=\"3d5b6f87\" data-element_type=\"widget\" data-widget_type=\"image-box.default\">\n\t\t\t\t<div class=\"elementor-widget-container\">\n\t\t\t\t\t<div class=\"elementor-image-box-wrapper\"><figure class=\"elementor-image-box-img\"><img fetchpriority=\"high\" decoding=\"async\" width=\"1417\" height=\"1417\" src=\"https:\/\/agrokur.com\/wp-content\/uploads\/2024\/03\/onarici_tarim.png\" class=\"elementor-animation-grow attachment-full size-full wp-image-5981\" alt=\"\" srcset=\"https:\/\/agrokur.com\/wp-content\/uploads\/2024\/03\/onarici_tarim.png 1417w, https:\/\/agrokur.com\/wp-content\/uploads\/2024\/03\/onarici_tarim-300x300.png 300w, https:\/\/agrokur.com\/wp-content\/uploads\/2024\/03\/onarici_tarim-1024x1024.png 1024w, https:\/\/agrokur.com\/wp-content\/uploads\/2024\/03\/onarici_tarim-150x150.png 150w, https:\/\/agrokur.com\/wp-content\/uploads\/2024\/03\/onarici_tarim-768x768.png 768w, https:\/\/agrokur.com\/wp-content\/uploads\/2024\/03\/onarici_tarim-700x700.png 700w, https:\/\/agrokur.com\/wp-content\/uploads\/2024\/03\/onarici_tarim-24x24.png 24w, https:\/\/agrokur.com\/wp-content\/uploads\/2024\/03\/onarici_tarim-48x48.png 48w, https:\/\/agrokur.com\/wp-content\/uploads\/2024\/03\/onarici_tarim-96x96.png 96w, https:\/\/agrokur.com\/wp-content\/uploads\/2024\/03\/onarici_tarim-460x460.png 460w\" sizes=\"(max-width: 1417px) 100vw, 1417px\" \/><\/figure><div class=\"elementor-image-box-content\"><h4 class=\"elementor-image-box-title\">Onar\u0131c\u0131 tar\u0131m<\/h4><p class=\"elementor-image-box-description\">\u0130klime kar\u015f\u0131 diren\u00e7li \u00fcretimi hedefleyerek, topra\u011fa karbon ba\u011flamay\u0131 \u00f6ncelik olarak g\u00f6r\u00fcyor.<\/p><\/div><\/div>\t\t\t\t<\/div>\n\t\t\t\t<\/div>\n\t\t\t\t<\/div>\n\t\t<div class=\"elementor-element elementor-element-345a9b92 e-con-full e-flex e-con e-child\" data-id=\"345a9b92\" data-element_type=\"container\">\n\t\t\t\t<div class=\"elementor-element elementor-element-3e13dd2d elementor-position-top elementor-widget elementor-widget-image-box\" data-id=\"3e13dd2d\" data-element_type=\"widget\" data-widget_type=\"image-box.default\">\n\t\t\t\t<div class=\"elementor-widget-container\">\n\t\t\t\t\t<div class=\"elementor-image-box-wrapper\"><figure class=\"elementor-image-box-img\"><img decoding=\"async\" width=\"1417\" height=\"1417\" data-src=\"https:\/\/agrokur.com\/wp-content\/uploads\/2024\/03\/organik_tarim.png\" class=\"elementor-animation-grow attachment-full size-full wp-image-5980 lazyload\" alt=\"\" data-srcset=\"https:\/\/agrokur.com\/wp-content\/uploads\/2024\/03\/organik_tarim.png 1417w, https:\/\/agrokur.com\/wp-content\/uploads\/2024\/03\/organik_tarim-300x300.png 300w, https:\/\/agrokur.com\/wp-content\/uploads\/2024\/03\/organik_tarim-1024x1024.png 1024w, https:\/\/agrokur.com\/wp-content\/uploads\/2024\/03\/organik_tarim-150x150.png 150w, https:\/\/agrokur.com\/wp-content\/uploads\/2024\/03\/organik_tarim-768x768.png 768w, https:\/\/agrokur.com\/wp-content\/uploads\/2024\/03\/organik_tarim-700x700.png 700w, https:\/\/agrokur.com\/wp-content\/uploads\/2024\/03\/organik_tarim-24x24.png 24w, https:\/\/agrokur.com\/wp-content\/uploads\/2024\/03\/organik_tarim-48x48.png 48w, https:\/\/agrokur.com\/wp-content\/uploads\/2024\/03\/organik_tarim-96x96.png 96w, https:\/\/agrokur.com\/wp-content\/uploads\/2024\/03\/organik_tarim-460x460.png 460w\" data-sizes=\"(max-width: 1417px) 100vw, 1417px\" src=\"data:image\/svg+xml;base64,PHN2ZyB3aWR0aD0iMSIgaGVpZ2h0PSIxIiB4bWxucz0iaHR0cDovL3d3dy53My5vcmcvMjAwMC9zdmciPjwvc3ZnPg==\" style=\"--smush-placeholder-width: 1417px; --smush-placeholder-aspect-ratio: 1417\/1417;\" \/><\/figure><div class=\"elementor-image-box-content\"><h4 class=\"elementor-image-box-title\">Organik tar\u0131m<\/h4><p class=\"elementor-image-box-description\">Organik tar\u0131m, insan ve ekosistemin sa\u011fl\u0131\u011f\u0131n\u0131, sa\u011fl\u0131kl\u0131 bitki ve hayvan yeti\u015ftiricili\u011fi ile bir b\u00fct\u00fcn olarak ele almay\u0131 \u00f6ng\u00f6ren bir tar\u0131m sistemidir. <\/p><\/div><\/div>\t\t\t\t<\/div>\n\t\t\t\t<\/div>\n\t\t\t\t<\/div>\n\t\t<div class=\"elementor-element elementor-element-7f757e73 e-con-full e-flex e-con e-child\" data-id=\"7f757e73\" data-element_type=\"container\">\n\t\t\t\t<div class=\"elementor-element elementor-element-6e9daa08 elementor-position-top elementor-widget elementor-widget-image-box\" data-id=\"6e9daa08\" data-element_type=\"widget\" data-widget_type=\"image-box.default\">\n\t\t\t\t<div class=\"elementor-widget-container\">\n\t\t\t\t\t<div class=\"elementor-image-box-wrapper\"><figure class=\"elementor-image-box-img\"><img decoding=\"async\" width=\"1417\" height=\"1417\" data-src=\"https:\/\/agrokur.com\/wp-content\/uploads\/2024\/03\/biocesitlilik.png\" class=\"elementor-animation-grow attachment-full size-full wp-image-5978 lazyload\" alt=\"\" data-srcset=\"https:\/\/agrokur.com\/wp-content\/uploads\/2024\/03\/biocesitlilik.png 1417w, https:\/\/agrokur.com\/wp-content\/uploads\/2024\/03\/biocesitlilik-300x300.png 300w, https:\/\/agrokur.com\/wp-content\/uploads\/2024\/03\/biocesitlilik-1024x1024.png 1024w, https:\/\/agrokur.com\/wp-content\/uploads\/2024\/03\/biocesitlilik-150x150.png 150w, https:\/\/agrokur.com\/wp-content\/uploads\/2024\/03\/biocesitlilik-768x768.png 768w, https:\/\/agrokur.com\/wp-content\/uploads\/2024\/03\/biocesitlilik-700x700.png 700w, https:\/\/agrokur.com\/wp-content\/uploads\/2024\/03\/biocesitlilik-24x24.png 24w, https:\/\/agrokur.com\/wp-content\/uploads\/2024\/03\/biocesitlilik-48x48.png 48w, https:\/\/agrokur.com\/wp-content\/uploads\/2024\/03\/biocesitlilik-96x96.png 96w, https:\/\/agrokur.com\/wp-content\/uploads\/2024\/03\/biocesitlilik-460x460.png 460w\" data-sizes=\"(max-width: 1417px) 100vw, 1417px\" src=\"data:image\/svg+xml;base64,PHN2ZyB3aWR0aD0iMSIgaGVpZ2h0PSIxIiB4bWxucz0iaHR0cDovL3d3dy53My5vcmcvMjAwMC9zdmciPjwvc3ZnPg==\" style=\"--smush-placeholder-width: 1417px; --smush-placeholder-aspect-ratio: 1417\/1417;\" \/><\/figure><div class=\"elementor-image-box-content\"><h4 class=\"elementor-image-box-title\">Biyo\u00e7e\u015fitlilik<\/h4><p class=\"elementor-image-box-description\">Toprak verimlili\u011fini ve yap\u0131s\u0131n\u0131 iyile\u015ftirmek i\u00e7in \u00f6rt\u00fc bitkilerinin aromatik ve t\u0131bbi bitkilerle entegre edilmesi. Baklagil \u00f6rt\u00fc bitkileri hem karbon tutma, azot ba\u011flama hem de geli\u015fmi\u015f toprak sa\u011fl\u0131\u011f\u0131na katk\u0131da bulunur.<\/p><\/div><\/div>\t\t\t\t<\/div>\n\t\t\t\t<\/div>\n\t\t\t\t<\/div>\n\t\t<div class=\"elementor-element elementor-element-68919d2d e-con-full e-flex e-con e-child\" data-id=\"68919d2d\" data-element_type=\"container\">\n\t\t\t\t<div class=\"elementor-element elementor-element-5c26c3d5 elementor-position-top elementor-widget elementor-widget-image-box\" data-id=\"5c26c3d5\" data-element_type=\"widget\" data-widget_type=\"image-box.default\">\n\t\t\t\t<div class=\"elementor-widget-container\">\n\t\t\t\t\t<div class=\"elementor-image-box-wrapper\"><figure class=\"elementor-image-box-img\"><img decoding=\"async\" width=\"1417\" height=\"1417\" data-src=\"https:\/\/agrokur.com\/wp-content\/uploads\/2024\/03\/Utaem_isbirligi.png\" class=\"elementor-animation-grow attachment-full size-full wp-image-5979 lazyload\" alt=\"\" data-srcset=\"https:\/\/agrokur.com\/wp-content\/uploads\/2024\/03\/Utaem_isbirligi.png 1417w, https:\/\/agrokur.com\/wp-content\/uploads\/2024\/03\/Utaem_isbirligi-300x300.png 300w, https:\/\/agrokur.com\/wp-content\/uploads\/2024\/03\/Utaem_isbirligi-1024x1024.png 1024w, https:\/\/agrokur.com\/wp-content\/uploads\/2024\/03\/Utaem_isbirligi-150x150.png 150w, https:\/\/agrokur.com\/wp-content\/uploads\/2024\/03\/Utaem_isbirligi-768x768.png 768w, https:\/\/agrokur.com\/wp-content\/uploads\/2024\/03\/Utaem_isbirligi-700x700.png 700w, https:\/\/agrokur.com\/wp-content\/uploads\/2024\/03\/Utaem_isbirligi-24x24.png 24w, https:\/\/agrokur.com\/wp-content\/uploads\/2024\/03\/Utaem_isbirligi-48x48.png 48w, https:\/\/agrokur.com\/wp-content\/uploads\/2024\/03\/Utaem_isbirligi-96x96.png 96w, https:\/\/agrokur.com\/wp-content\/uploads\/2024\/03\/Utaem_isbirligi-460x460.png 460w\" data-sizes=\"(max-width: 1417px) 100vw, 1417px\" src=\"data:image\/svg+xml;base64,PHN2ZyB3aWR0aD0iMSIgaGVpZ2h0PSIxIiB4bWxucz0iaHR0cDovL3d3dy53My5vcmcvMjAwMC9zdmciPjwvc3ZnPg==\" style=\"--smush-placeholder-width: 1417px; --smush-placeholder-aspect-ratio: 1417\/1417;\" \/><\/figure><div class=\"elementor-image-box-content\"><h4 class=\"elementor-image-box-title\">UTAEM<\/h4><p class=\"elementor-image-box-description\">Karbon tar\u0131m\u0131 ile ilgili Tar\u0131m Bakanl\u0131\u011f\u0131na ba\u011fl\u0131 Uluslararas\u0131 Tar\u0131msal Ara\u015ft\u0131rma ve E\u011fitim Merkezi ile i\u015fbirli\u011fi yap\u0131lmaktad\u0131r.<\/p><\/div><\/div>\t\t\t\t<\/div>\n\t\t\t\t<\/div>\n\t\t\t\t<\/div>\n\t\t\t\t<\/div>\n\t\t\t\t<\/div>\n\t\t\t\t<\/div>\n\t\t","protected":false},"excerpt":{"rendered":"<p>Karbon Tar\u0131m\u0131 T\u00fcrkiye&#8217;de Karbon Tar\u0131m\u0131 Yapan \u0130lk Firma Kendi tar\u0131m alanlar\u0131m\u0131zda karbon tar\u0131m ile topra\u011f\u0131 koruyarak biyolojik \u00e7e\u015fitlili\u011fi artt\u0131racak ve co2 emisyonunu azaltarak karbon kredisi elde edece\u011fiz. \u00d6z\u00fcnde topra\u011f\u0131n co2 sal\u0131n\u0131m\u0131n\u0131 azaltma i\u015flemini onar\u0131c\u0131 tar\u0131m faaliyeti, organik tar\u0131m faaliyetleri ile sa\u011flayaca\u011f\u0131z. Karbon tar\u0131m\u0131, Agroekolojik yakla\u015f\u0131mlarla yap\u0131lan tar\u0131mda baz\u0131 spesifik tar\u0131msal uygulamalarla iklim de\u011fi\u015fikli\u011fini azaltmak i\u00e7in [&hellip;]<\/p>\n","protected":false},"author":2,"featured_media":0,"parent":0,"menu_order":0,"comment_status":"closed","ping_status":"closed","template":"","meta":{"inline_featured_image":false,"footnotes":""},"class_list":["post-5804","page","type-page","status-publish","hentry"],"_links":{"self":[{"href":"https:\/\/agrokur.com\/index.php?rest_route=\/wp\/v2\/pages\/5804","targetHints":{"allow":["GET"]}}],"collection":[{"href":"https:\/\/agrokur.com\/index.php?rest_route=\/wp\/v2\/pages"}],"about":[{"href":"https:\/\/agrokur.com\/index.php?rest_route=\/wp\/v2\/types\/page"}],"author":[{"embeddable":true,"href":"https:\/\/agrokur.com\/index.php?rest_route=\/wp\/v2\/users\/2"}],"replies":[{"embeddable":true,"href":"https:\/\/agrokur.com\/index.php?rest_route=%2Fwp%2Fv2%2Fcomments&post=5804"}],"version-history":[{"count":40,"href":"https:\/\/agrokur.com\/index.php?rest_route=\/wp\/v2\/pages\/5804\/revisions"}],"predecessor-version":[{"id":6731,"href":"https:\/\/agrokur.com\/index.php?rest_route=\/wp\/v2\/pages\/5804\/revisions\/6731"}],"wp:attachment":[{"href":"https:\/\/agrokur.com\/index.php?rest_route=%2Fwp%2Fv2%2Fmedia&parent=5804"}],"curies":[{"name":"wp","href":"https:\/\/api.w.org\/{rel}","templated":true}]}}