{"id":5903,"date":"2024-03-25T23:33:45","date_gmt":"2024-03-25T20:33:45","guid":{"rendered":"https:\/\/agrokur.com\/?page_id=5903"},"modified":"2024-03-28T01:51:34","modified_gmt":"2024-03-27T22:51:34","slug":"projelerimiz","status":"publish","type":"page","link":"https:\/\/agrokur.com\/?page_id=5903","title":{"rendered":"Projelerimiz"},"content":{"rendered":"\t\t<div data-elementor-type=\"wp-page\" data-elementor-id=\"5903\" class=\"elementor elementor-5903\">\n\t\t\t\t<div class=\"elementor-element elementor-element-a37c399 e-flex e-con-boxed e-con e-parent\" data-id=\"a37c399\" data-element_type=\"container\" data-settings=\"{&quot;background_background&quot;:&quot;classic&quot;}\">\n\t\t\t\t\t<div class=\"e-con-inner\">\n\t\t\t\t<div class=\"elementor-element elementor-element-9dbc6fa elementor-widget elementor-widget-heading\" data-id=\"9dbc6fa\" data-element_type=\"widget\" data-widget_type=\"heading.default\">\n\t\t\t\t<div class=\"elementor-widget-container\">\n\t\t\t\t\t<h2 class=\"elementor-heading-title elementor-size-default\">Projelerimiz<\/h2>\t\t\t\t<\/div>\n\t\t\t\t<\/div>\n\t\t\t\t\t<\/div>\n\t\t\t\t<\/div>\n\t\t<div class=\"elementor-element elementor-element-255c05f1 e-con-full e-flex e-con e-parent\" data-id=\"255c05f1\" data-element_type=\"container\" id=\"next\">\n\t\t<div class=\"elementor-element elementor-element-a2c99bd e-con-full e-flex e-con e-child\" data-id=\"a2c99bd\" data-element_type=\"container\">\n\t\t<div class=\"elementor-element elementor-element-753d7f1f e-con-full e-flex e-con e-child\" data-id=\"753d7f1f\" data-element_type=\"container\">\n\t\t\t\t<div class=\"elementor-element elementor-element-18c6cbb2 elementor-position-top elementor-widget elementor-widget-image-box\" data-id=\"18c6cbb2\" data-element_type=\"widget\" data-widget_type=\"image-box.default\">\n\t\t\t\t<div class=\"elementor-widget-container\">\n\t\t\t\t\t<div class=\"elementor-image-box-wrapper\"><figure class=\"elementor-image-box-img\"><img fetchpriority=\"high\" decoding=\"async\" width=\"1417\" height=\"1417\" src=\"https:\/\/agrokur.com\/wp-content\/uploads\/2024\/03\/proje_baharat.png\" class=\"elementor-animation-grow attachment-full size-full wp-image-5972\" alt=\"\" srcset=\"https:\/\/agrokur.com\/wp-content\/uploads\/2024\/03\/proje_baharat.png 1417w, https:\/\/agrokur.com\/wp-content\/uploads\/2024\/03\/proje_baharat-300x300.png 300w, https:\/\/agrokur.com\/wp-content\/uploads\/2024\/03\/proje_baharat-1024x1024.png 1024w, https:\/\/agrokur.com\/wp-content\/uploads\/2024\/03\/proje_baharat-150x150.png 150w, https:\/\/agrokur.com\/wp-content\/uploads\/2024\/03\/proje_baharat-768x768.png 768w, https:\/\/agrokur.com\/wp-content\/uploads\/2024\/03\/proje_baharat-700x700.png 700w, https:\/\/agrokur.com\/wp-content\/uploads\/2024\/03\/proje_baharat-24x24.png 24w, https:\/\/agrokur.com\/wp-content\/uploads\/2024\/03\/proje_baharat-48x48.png 48w, https:\/\/agrokur.com\/wp-content\/uploads\/2024\/03\/proje_baharat-96x96.png 96w, https:\/\/agrokur.com\/wp-content\/uploads\/2024\/03\/proje_baharat-460x460.png 460w\" sizes=\"(max-width: 1417px) 100vw, 1417px\" \/><\/figure><div class=\"elementor-image-box-content\"><h4 class=\"elementor-image-box-title\">Baharat \u00d6n \u0130\u015fleme Tesisi<\/h4><p class=\"elementor-image-box-description\">Tarlalar\u0131m\u0131z\u0131n kalbinde, Esenk\u00f6y\u2019de yap\u0131m\u0131na ba\u015flanan ve i\u00e7erisinde 4.000m2 baharat \u00f6n i\u015fleme prosesi, 300m2 idari bina, depo ve koleksiyon ekim alan\u0131 yer alacakt\u0131r.<\/p><\/div><\/div>\t\t\t\t<\/div>\n\t\t\t\t<\/div>\n\t\t\t\t<\/div>\n\t\t<div class=\"elementor-element elementor-element-36a8b9c7 e-con-full e-flex e-con e-child\" data-id=\"36a8b9c7\" data-element_type=\"container\">\n\t\t\t\t<div class=\"elementor-element elementor-element-5c36e201 elementor-position-top elementor-widget elementor-widget-image-box\" data-id=\"5c36e201\" data-element_type=\"widget\" data-widget_type=\"image-box.default\">\n\t\t\t\t<div class=\"elementor-widget-container\">\n\t\t\t\t\t<div class=\"elementor-image-box-wrapper\"><figure class=\"elementor-image-box-img\"><img decoding=\"async\" width=\"1417\" height=\"1417\" data-src=\"https:\/\/agrokur.com\/wp-content\/uploads\/2024\/03\/proje_balikesir.png\" class=\"elementor-animation-grow attachment-full size-full wp-image-5973 lazyload\" alt=\"\" data-srcset=\"https:\/\/agrokur.com\/wp-content\/uploads\/2024\/03\/proje_balikesir.png 1417w, https:\/\/agrokur.com\/wp-content\/uploads\/2024\/03\/proje_balikesir-300x300.png 300w, https:\/\/agrokur.com\/wp-content\/uploads\/2024\/03\/proje_balikesir-1024x1024.png 1024w, https:\/\/agrokur.com\/wp-content\/uploads\/2024\/03\/proje_balikesir-150x150.png 150w, https:\/\/agrokur.com\/wp-content\/uploads\/2024\/03\/proje_balikesir-768x768.png 768w, https:\/\/agrokur.com\/wp-content\/uploads\/2024\/03\/proje_balikesir-700x700.png 700w, https:\/\/agrokur.com\/wp-content\/uploads\/2024\/03\/proje_balikesir-24x24.png 24w, https:\/\/agrokur.com\/wp-content\/uploads\/2024\/03\/proje_balikesir-48x48.png 48w, https:\/\/agrokur.com\/wp-content\/uploads\/2024\/03\/proje_balikesir-96x96.png 96w, https:\/\/agrokur.com\/wp-content\/uploads\/2024\/03\/proje_balikesir-460x460.png 460w\" data-sizes=\"(max-width: 1417px) 100vw, 1417px\" src=\"data:image\/svg+xml;base64,PHN2ZyB3aWR0aD0iMSIgaGVpZ2h0PSIxIiB4bWxucz0iaHR0cDovL3d3dy53My5vcmcvMjAwMC9zdmciPjwvc3ZnPg==\" style=\"--smush-placeholder-width: 1417px; --smush-placeholder-aspect-ratio: 1417\/1417;\" \/><\/figure><div class=\"elementor-image-box-content\"><h4 class=\"elementor-image-box-title\">Multifonksiyonel Entegre G\u0131da Tesisi<\/h4><p class=\"elementor-image-box-description\">Bal\u0131kesir Dursunbey OSB\u2019de kurulmas\u0131 planlanan 31.000m2 kapal\u0131 alan, 53000 ton \u00fcretim kapasiteli entegre g\u0131da tesisi projesi. \u0130\u00e7erisinde organik baharat \u00fcretimi, s\u00fcper kritik ak\u0131\u015fkan ekstraksyonu \u00fcretim \u00fcniteleri yer alacakt\u0131r.<\/p><\/div><\/div>\t\t\t\t<\/div>\n\t\t\t\t<\/div>\n\t\t\t\t<\/div>\n\t\t<div class=\"elementor-element elementor-element-1380bdd4 e-con-full e-flex e-con e-child\" data-id=\"1380bdd4\" data-element_type=\"container\">\n\t\t\t\t<div class=\"elementor-element elementor-element-6e74c070 elementor-position-top elementor-widget elementor-widget-image-box\" data-id=\"6e74c070\" data-element_type=\"widget\" data-widget_type=\"image-box.default\">\n\t\t\t\t<div class=\"elementor-widget-container\">\n\t\t\t\t\t<div class=\"elementor-image-box-wrapper\"><figure class=\"elementor-image-box-img\"><img decoding=\"async\" width=\"1417\" height=\"1417\" data-src=\"https:\/\/agrokur.com\/wp-content\/uploads\/2024\/03\/proje_UTAEM.png\" class=\"elementor-animation-grow attachment-full size-full wp-image-5974 lazyload\" alt=\"\" data-srcset=\"https:\/\/agrokur.com\/wp-content\/uploads\/2024\/03\/proje_UTAEM.png 1417w, https:\/\/agrokur.com\/wp-content\/uploads\/2024\/03\/proje_UTAEM-300x300.png 300w, https:\/\/agrokur.com\/wp-content\/uploads\/2024\/03\/proje_UTAEM-1024x1024.png 1024w, https:\/\/agrokur.com\/wp-content\/uploads\/2024\/03\/proje_UTAEM-150x150.png 150w, https:\/\/agrokur.com\/wp-content\/uploads\/2024\/03\/proje_UTAEM-768x768.png 768w, https:\/\/agrokur.com\/wp-content\/uploads\/2024\/03\/proje_UTAEM-700x700.png 700w, https:\/\/agrokur.com\/wp-content\/uploads\/2024\/03\/proje_UTAEM-24x24.png 24w, https:\/\/agrokur.com\/wp-content\/uploads\/2024\/03\/proje_UTAEM-48x48.png 48w, https:\/\/agrokur.com\/wp-content\/uploads\/2024\/03\/proje_UTAEM-96x96.png 96w, https:\/\/agrokur.com\/wp-content\/uploads\/2024\/03\/proje_UTAEM-460x460.png 460w\" data-sizes=\"(max-width: 1417px) 100vw, 1417px\" src=\"data:image\/svg+xml;base64,PHN2ZyB3aWR0aD0iMSIgaGVpZ2h0PSIxIiB4bWxucz0iaHR0cDovL3d3dy53My5vcmcvMjAwMC9zdmciPjwvc3ZnPg==\" style=\"--smush-placeholder-width: 1417px; --smush-placeholder-aspect-ratio: 1417\/1417;\" \/><\/figure><div class=\"elementor-image-box-content\"><h4 class=\"elementor-image-box-title\">UTAEM \u0130\u015fbirli\u011fi<\/h4><p class=\"elementor-image-box-description\">Uluslararas\u0131 Tar\u0131m Ara\u015ft\u0131rmalar\u0131 ve E\u011fitim Merkezi (UTAEM) ile ger\u00e7ekle\u015fen i\u015fbirli\u011fi \u00e7er\u00e7evesinde, tar\u0131m alanlar\u0131m\u0131zdaki co2 sal\u0131n\u0131m\u0131n\u0131 azaltmak ad\u0131na proje \u00e7al\u0131\u015fmas\u0131na ba\u015flanm\u0131\u015ft\u0131r. Hedef 1 y\u0131l i\u00e7erisinde Agrokur\u2019 u karbon kredisi elde eden kurumsal bir \u00e7ift\u00e7i haline getirmektir.<\/p><\/div><\/div>\t\t\t\t<\/div>\n\t\t\t\t<\/div>\n\t\t\t\t<\/div>\n\t\t<div class=\"elementor-element elementor-element-3f158a6e e-con-full e-flex e-con e-child\" data-id=\"3f158a6e\" data-element_type=\"container\">\n\t\t\t\t<div class=\"elementor-element elementor-element-19f48039 elementor-position-top elementor-widget elementor-widget-image-box\" data-id=\"19f48039\" data-element_type=\"widget\" data-widget_type=\"image-box.default\">\n\t\t\t\t<div class=\"elementor-widget-container\">\n\t\t\t\t\t<div class=\"elementor-image-box-wrapper\"><figure class=\"elementor-image-box-img\"><img decoding=\"async\" width=\"1417\" height=\"1417\" data-src=\"https:\/\/agrokur.com\/wp-content\/uploads\/2024\/03\/proje_aricilik.png\" class=\"elementor-animation-grow attachment-full size-full wp-image-5971 lazyload\" alt=\"\" data-srcset=\"https:\/\/agrokur.com\/wp-content\/uploads\/2024\/03\/proje_aricilik.png 1417w, https:\/\/agrokur.com\/wp-content\/uploads\/2024\/03\/proje_aricilik-300x300.png 300w, https:\/\/agrokur.com\/wp-content\/uploads\/2024\/03\/proje_aricilik-1024x1024.png 1024w, https:\/\/agrokur.com\/wp-content\/uploads\/2024\/03\/proje_aricilik-150x150.png 150w, https:\/\/agrokur.com\/wp-content\/uploads\/2024\/03\/proje_aricilik-768x768.png 768w, https:\/\/agrokur.com\/wp-content\/uploads\/2024\/03\/proje_aricilik-700x700.png 700w, https:\/\/agrokur.com\/wp-content\/uploads\/2024\/03\/proje_aricilik-24x24.png 24w, https:\/\/agrokur.com\/wp-content\/uploads\/2024\/03\/proje_aricilik-48x48.png 48w, https:\/\/agrokur.com\/wp-content\/uploads\/2024\/03\/proje_aricilik-96x96.png 96w, https:\/\/agrokur.com\/wp-content\/uploads\/2024\/03\/proje_aricilik-460x460.png 460w\" data-sizes=\"(max-width: 1417px) 100vw, 1417px\" src=\"data:image\/svg+xml;base64,PHN2ZyB3aWR0aD0iMSIgaGVpZ2h0PSIxIiB4bWxucz0iaHR0cDovL3d3dy53My5vcmcvMjAwMC9zdmciPjwvc3ZnPg==\" style=\"--smush-placeholder-width: 1417px; --smush-placeholder-aspect-ratio: 1417\/1417;\" \/><\/figure><div class=\"elementor-image-box-content\"><h4 class=\"elementor-image-box-title\">Organik Ar\u0131c\u0131l\u0131k<\/h4><p class=\"elementor-image-box-description\">Bitkilerimizin polenizasyonu, biyo\u00e7e\u015fitlili\u011fin s\u00fcrd\u00fcr\u00fclebilmesi ve ekolojik dengeyi korumak ad\u0131na organik ar\u0131c\u0131l\u0131k faaliyetlerine ba\u015flanm\u0131\u015ft\u0131r.<\/p><\/div><\/div>\t\t\t\t<\/div>\n\t\t\t\t<\/div>\n\t\t\t\t<\/div>\n\t\t\t\t<\/div>\n\t\t\t\t<\/div>\n\t\t\t\t<\/div>\n\t\t","protected":false},"excerpt":{"rendered":"<p>Projelerimiz Baharat \u00d6n \u0130\u015fleme Tesisi Tarlalar\u0131m\u0131z\u0131n kalbinde, Esenk\u00f6y\u2019de yap\u0131m\u0131na ba\u015flanan ve i\u00e7erisinde 4.000m2 baharat \u00f6n i\u015fleme prosesi, 300m2 idari bina, depo ve koleksiyon ekim alan\u0131 yer alacakt\u0131r. Multifonksiyonel Entegre G\u0131da Tesisi Bal\u0131kesir Dursunbey OSB\u2019de kurulmas\u0131 planlanan 31.000m2 kapal\u0131 alan, 53000 ton \u00fcretim kapasiteli entegre g\u0131da tesisi projesi. \u0130\u00e7erisinde organik baharat \u00fcretimi, s\u00fcper kritik ak\u0131\u015fkan ekstraksyonu [&hellip;]<\/p>\n","protected":false},"author":2,"featured_media":0,"parent":0,"menu_order":0,"comment_status":"closed","ping_status":"closed","template":"","meta":{"inline_featured_image":false,"footnotes":""},"class_list":["post-5903","page","type-page","status-publish","hentry"],"_links":{"self":[{"href":"https:\/\/agrokur.com\/index.php?rest_route=\/wp\/v2\/pages\/5903","targetHints":{"allow":["GET"]}}],"collection":[{"href":"https:\/\/agrokur.com\/index.php?rest_route=\/wp\/v2\/pages"}],"about":[{"href":"https:\/\/agrokur.com\/index.php?rest_route=\/wp\/v2\/types\/page"}],"author":[{"embeddable":true,"href":"https:\/\/agrokur.com\/index.php?rest_route=\/wp\/v2\/users\/2"}],"replies":[{"embeddable":true,"href":"https:\/\/agrokur.com\/index.php?rest_route=%2Fwp%2Fv2%2Fcomments&post=5903"}],"version-history":[{"count":25,"href":"https:\/\/agrokur.com\/index.php?rest_route=\/wp\/v2\/pages\/5903\/revisions"}],"predecessor-version":[{"id":6448,"href":"https:\/\/agrokur.com\/index.php?rest_route=\/wp\/v2\/pages\/5903\/revisions\/6448"}],"wp:attachment":[{"href":"https:\/\/agrokur.com\/index.php?rest_route=%2Fwp%2Fv2%2Fmedia&parent=5903"}],"curies":[{"name":"wp","href":"https:\/\/api.w.org\/{rel}","templated":true}]}}