{"id":5919,"date":"2024-03-25T23:38:58","date_gmt":"2024-03-25T20:38:58","guid":{"rendered":"https:\/\/agrokur.com\/?page_id=5919"},"modified":"2025-10-09T12:41:01","modified_gmt":"2025-10-09T09:41:01","slug":"sertifikalarimiz","status":"publish","type":"page","link":"https:\/\/agrokur.com\/?page_id=5919","title":{"rendered":"Sertifikalar\u0131m\u0131z"},"content":{"rendered":"\t\t<div data-elementor-type=\"wp-page\" data-elementor-id=\"5919\" class=\"elementor elementor-5919\">\n\t\t\t\t<div class=\"elementor-element elementor-element-dc63438 e-flex e-con-boxed e-con e-parent\" data-id=\"dc63438\" data-element_type=\"container\">\n\t\t\t\t\t<div class=\"e-con-inner\">\n\t\t\t\t<div class=\"elementor-element elementor-element-6937549 elementor-widget elementor-widget-text-editor\" data-id=\"6937549\" data-element_type=\"widget\" data-widget_type=\"text-editor.default\">\n\t\t\t\t<div class=\"elementor-widget-container\">\n\t\t\t\t\t\t\t\t\tCeres taraf\u0131ndan belgelendirilmi\u015f organik t\u0131bbi aromatik bitklerimiz Japonya, Amerika, Avrupa Birli\u011fi ve T\u00fcrkiye organik reg\u00fclasyonlar\u0131na uyumludur.\t\t\t\t\t\t\t\t<\/div>\n\t\t\t\t<\/div>\n\t\t\t\t\t<\/div>\n\t\t\t\t<\/div>\n\t\t<div class=\"elementor-element elementor-element-8d919c3 e-flex e-con-boxed e-con e-parent\" data-id=\"8d919c3\" data-element_type=\"container\">\n\t\t\t\t\t<div class=\"e-con-inner\">\n\t\t<div class=\"elementor-element elementor-element-9bb94b5 e-con-full e-flex e-con e-child\" data-id=\"9bb94b5\" data-element_type=\"container\">\n\t\t\t\t<div class=\"elementor-element elementor-element-670f289 elementor-widget elementor-widget-image\" data-id=\"670f289\" data-element_type=\"widget\" data-widget_type=\"image.default\">\n\t\t\t\t<div class=\"elementor-widget-container\">\n\t\t\t\t\t\t\t\t\t\t\t\t\t\t\t\t<a href=\"https:\/\/agrokur.com\/wp-content\/uploads\/2025\/10\/Agrokur-Cert-CO-312425-JAS-2025.pdf\">\n\t\t\t\t\t\t\t<img fetchpriority=\"high\" decoding=\"async\" width=\"722\" height=\"1024\" src=\"https:\/\/agrokur.com\/wp-content\/uploads\/2025\/10\/Screenshot-2025-10-09-at-12.29.59-722x1024.png\" class=\"attachment-large size-large wp-image-7540\" alt=\"\" srcset=\"https:\/\/agrokur.com\/wp-content\/uploads\/2025\/10\/Screenshot-2025-10-09-at-12.29.59-722x1024.png 722w, https:\/\/agrokur.com\/wp-content\/uploads\/2025\/10\/Screenshot-2025-10-09-at-12.29.59-211x300.png 211w, https:\/\/agrokur.com\/wp-content\/uploads\/2025\/10\/Screenshot-2025-10-09-at-12.29.59-768x1090.png 768w, https:\/\/agrokur.com\/wp-content\/uploads\/2025\/10\/Screenshot-2025-10-09-at-12.29.59-700x993.png 700w, https:\/\/agrokur.com\/wp-content\/uploads\/2025\/10\/Screenshot-2025-10-09-at-12.29.59.png 812w\" sizes=\"(max-width: 722px) 100vw, 722px\" \/>\t\t\t\t\t\t\t\t<\/a>\n\t\t\t\t\t\t\t\t\t\t\t\t\t\t\t<\/div>\n\t\t\t\t<\/div>\n\t\t\t\t<\/div>\n\t\t<div class=\"elementor-element elementor-element-8d26207 e-con-full e-flex e-con e-child\" data-id=\"8d26207\" data-element_type=\"container\">\n\t\t\t\t<div class=\"elementor-element elementor-element-0e675a4 elementor-widget elementor-widget-image\" data-id=\"0e675a4\" data-element_type=\"widget\" data-widget_type=\"image.default\">\n\t\t\t\t<div class=\"elementor-widget-container\">\n\t\t\t\t\t\t\t\t\t\t\t\t\t\t\t\t<a href=\"https:\/\/agrokur.com\/wp-content\/uploads\/2025\/10\/Agrokur-Sert-TR-00036.pdf\">\n\t\t\t\t\t\t\t<img decoding=\"async\" width=\"718\" height=\"1024\" data-src=\"https:\/\/agrokur.com\/wp-content\/uploads\/2025\/10\/Agrokur-Sert-TR-00036-718x1024.png\" class=\"attachment-large size-large wp-image-7537 lazyload\" alt=\"\" data-srcset=\"https:\/\/agrokur.com\/wp-content\/uploads\/2025\/10\/Agrokur-Sert-TR-00036-718x1024.png 718w, https:\/\/agrokur.com\/wp-content\/uploads\/2025\/10\/Agrokur-Sert-TR-00036-210x300.png 210w, https:\/\/agrokur.com\/wp-content\/uploads\/2025\/10\/Agrokur-Sert-TR-00036-768x1095.png 768w, https:\/\/agrokur.com\/wp-content\/uploads\/2025\/10\/Agrokur-Sert-TR-00036-700x998.png 700w, https:\/\/agrokur.com\/wp-content\/uploads\/2025\/10\/Agrokur-Sert-TR-00036.png 1062w\" data-sizes=\"(max-width: 718px) 100vw, 718px\" src=\"data:image\/svg+xml;base64,PHN2ZyB3aWR0aD0iMSIgaGVpZ2h0PSIxIiB4bWxucz0iaHR0cDovL3d3dy53My5vcmcvMjAwMC9zdmciPjwvc3ZnPg==\" style=\"--smush-placeholder-width: 718px; --smush-placeholder-aspect-ratio: 718\/1024;\" \/>\t\t\t\t\t\t\t\t<\/a>\n\t\t\t\t\t\t\t\t\t\t\t\t\t\t\t<\/div>\n\t\t\t\t<\/div>\n\t\t\t\t<\/div>\n\t\t<div class=\"elementor-element elementor-element-3fe89ca e-con-full e-flex e-con e-child\" data-id=\"3fe89ca\" data-element_type=\"container\">\n\t\t\t\t<div class=\"elementor-element elementor-element-ad3fcde elementor-widget elementor-widget-image\" data-id=\"ad3fcde\" data-element_type=\"widget\" data-widget_type=\"image.default\">\n\t\t\t\t<div class=\"elementor-widget-container\">\n\t\t\t\t\t\t\t\t\t\t\t\t\t\t\t\t<a href=\"https:\/\/agrokur.com\/wp-content\/uploads\/2025\/10\/Agrokur-Product-list-2025.pdf\">\n\t\t\t\t\t\t\t<img decoding=\"async\" width=\"719\" height=\"1024\" data-src=\"https:\/\/agrokur.com\/wp-content\/uploads\/2025\/10\/Agrokur-Product-list-2025-719x1024.png\" class=\"attachment-large size-large wp-image-7536 lazyload\" alt=\"\" data-srcset=\"https:\/\/agrokur.com\/wp-content\/uploads\/2025\/10\/Agrokur-Product-list-2025-719x1024.png 719w, https:\/\/agrokur.com\/wp-content\/uploads\/2025\/10\/Agrokur-Product-list-2025-211x300.png 211w, https:\/\/agrokur.com\/wp-content\/uploads\/2025\/10\/Agrokur-Product-list-2025-768x1094.png 768w, https:\/\/agrokur.com\/wp-content\/uploads\/2025\/10\/Agrokur-Product-list-2025-1078x1536.png 1078w, https:\/\/agrokur.com\/wp-content\/uploads\/2025\/10\/Agrokur-Product-list-2025-700x997.png 700w, https:\/\/agrokur.com\/wp-content\/uploads\/2025\/10\/Agrokur-Product-list-2025.png 1244w\" data-sizes=\"(max-width: 719px) 100vw, 719px\" src=\"data:image\/svg+xml;base64,PHN2ZyB3aWR0aD0iMSIgaGVpZ2h0PSIxIiB4bWxucz0iaHR0cDovL3d3dy53My5vcmcvMjAwMC9zdmciPjwvc3ZnPg==\" style=\"--smush-placeholder-width: 719px; --smush-placeholder-aspect-ratio: 719\/1024;\" \/>\t\t\t\t\t\t\t\t<\/a>\n\t\t\t\t\t\t\t\t\t\t\t\t\t\t\t<\/div>\n\t\t\t\t<\/div>\n\t\t\t\t<\/div>\n\t\t<div class=\"elementor-element elementor-element-671e8ce e-con-full e-flex e-con e-child\" data-id=\"671e8ce\" data-element_type=\"container\">\n\t\t\t\t<div class=\"elementor-element elementor-element-865f02d elementor-widget elementor-widget-image\" data-id=\"865f02d\" data-element_type=\"widget\" data-widget_type=\"image.default\">\n\t\t\t\t<div class=\"elementor-widget-container\">\n\t\t\t\t\t\t\t\t\t\t\t\t\t\t\t\t<a href=\"https:\/\/agrokur.com\/wp-content\/uploads\/2025\/10\/Agrokur_Cert2025_01.09.2025.pdf\" target=\"_blank\">\n\t\t\t\t\t\t\t<img decoding=\"async\" width=\"722\" height=\"1024\" data-src=\"https:\/\/agrokur.com\/wp-content\/uploads\/2025\/10\/Agrokur_Cert2025_01.09.2025-722x1024.png\" class=\"attachment-large size-large wp-image-7539 lazyload\" alt=\"\" data-srcset=\"https:\/\/agrokur.com\/wp-content\/uploads\/2025\/10\/Agrokur_Cert2025_01.09.2025-722x1024.png 722w, https:\/\/agrokur.com\/wp-content\/uploads\/2025\/10\/Agrokur_Cert2025_01.09.2025-211x300.png 211w, https:\/\/agrokur.com\/wp-content\/uploads\/2025\/10\/Agrokur_Cert2025_01.09.2025-768x1090.png 768w, https:\/\/agrokur.com\/wp-content\/uploads\/2025\/10\/Agrokur_Cert2025_01.09.2025-1082x1536.png 1082w, https:\/\/agrokur.com\/wp-content\/uploads\/2025\/10\/Agrokur_Cert2025_01.09.2025-700x993.png 700w, https:\/\/agrokur.com\/wp-content\/uploads\/2025\/10\/Agrokur_Cert2025_01.09.2025.png 1098w\" data-sizes=\"(max-width: 722px) 100vw, 722px\" src=\"data:image\/svg+xml;base64,PHN2ZyB3aWR0aD0iMSIgaGVpZ2h0PSIxIiB4bWxucz0iaHR0cDovL3d3dy53My5vcmcvMjAwMC9zdmciPjwvc3ZnPg==\" style=\"--smush-placeholder-width: 722px; --smush-placeholder-aspect-ratio: 722\/1024;\" \/>\t\t\t\t\t\t\t\t<\/a>\n\t\t\t\t\t\t\t\t\t\t\t\t\t\t\t<\/div>\n\t\t\t\t<\/div>\n\t\t\t\t<\/div>\n\t\t\t\t\t<\/div>\n\t\t\t\t<\/div>\n\t\t<div class=\"elementor-element elementor-element-07ab2ef e-flex e-con-boxed e-con e-parent\" data-id=\"07ab2ef\" data-element_type=\"container\">\n\t\t\t\t\t<div class=\"e-con-inner\">\n\t\t<div class=\"elementor-element elementor-element-c36e516 e-con-full e-flex e-con e-child\" data-id=\"c36e516\" data-element_type=\"container\">\n\t\t\t\t<div class=\"elementor-element elementor-element-f654e1a elementor-widget elementor-widget-image\" data-id=\"f654e1a\" data-element_type=\"widget\" data-widget_type=\"image.default\">\n\t\t\t\t<div class=\"elementor-widget-container\">\n\t\t\t\t\t\t\t\t\t\t\t\t\t\t\t\t<a href=\"https:\/\/agrokur.com\/wp-content\/uploads\/2025\/10\/Agrokur-TR-BIO-140.792-0003023.2025.001-EU-2025.pdf\" target=\"_blank\">\n\t\t\t\t\t\t\t<img decoding=\"async\" width=\"723\" height=\"1024\" data-src=\"https:\/\/agrokur.com\/wp-content\/uploads\/2025\/10\/Screenshot-2025-10-09-at-12.32.56-723x1024.png\" class=\"attachment-large size-large wp-image-7541 lazyload\" alt=\"\" data-srcset=\"https:\/\/agrokur.com\/wp-content\/uploads\/2025\/10\/Screenshot-2025-10-09-at-12.32.56-723x1024.png 723w, https:\/\/agrokur.com\/wp-content\/uploads\/2025\/10\/Screenshot-2025-10-09-at-12.32.56-212x300.png 212w, https:\/\/agrokur.com\/wp-content\/uploads\/2025\/10\/Screenshot-2025-10-09-at-12.32.56-768x1087.png 768w, https:\/\/agrokur.com\/wp-content\/uploads\/2025\/10\/Screenshot-2025-10-09-at-12.32.56-700x991.png 700w, https:\/\/agrokur.com\/wp-content\/uploads\/2025\/10\/Screenshot-2025-10-09-at-12.32.56.png 880w\" data-sizes=\"(max-width: 723px) 100vw, 723px\" src=\"data:image\/svg+xml;base64,PHN2ZyB3aWR0aD0iMSIgaGVpZ2h0PSIxIiB4bWxucz0iaHR0cDovL3d3dy53My5vcmcvMjAwMC9zdmciPjwvc3ZnPg==\" style=\"--smush-placeholder-width: 723px; --smush-placeholder-aspect-ratio: 723\/1024;\" \/>\t\t\t\t\t\t\t\t<\/a>\n\t\t\t\t\t\t\t\t\t\t\t\t\t\t\t<\/div>\n\t\t\t\t<\/div>\n\t\t\t\t<\/div>\n\t\t<div class=\"elementor-element elementor-element-c315372 e-con-full e-flex e-con e-child\" data-id=\"c315372\" data-element_type=\"container\">\n\t\t\t\t<div class=\"elementor-element elementor-element-ee3223d elementor-widget elementor-widget-image\" data-id=\"ee3223d\" data-element_type=\"widget\" data-widget_type=\"image.default\">\n\t\t\t\t<div class=\"elementor-widget-container\">\n\t\t\t\t\t\t\t\t\t\t\t\t\t\t\t\t<a href=\"https:\/\/agrokur.com\/wp-content\/uploads\/2025\/10\/Agrokur-Karar-Envanteri-2025-TR-00036.pdf\">\n\t\t\t\t\t\t\t<img decoding=\"async\" width=\"719\" height=\"1024\" data-src=\"https:\/\/agrokur.com\/wp-content\/uploads\/2025\/10\/Screenshot-2025-10-09-at-12.39.44-719x1024.png\" class=\"attachment-large size-large wp-image-7545 lazyload\" alt=\"\" data-srcset=\"https:\/\/agrokur.com\/wp-content\/uploads\/2025\/10\/Screenshot-2025-10-09-at-12.39.44-719x1024.png 719w, https:\/\/agrokur.com\/wp-content\/uploads\/2025\/10\/Screenshot-2025-10-09-at-12.39.44-211x300.png 211w, https:\/\/agrokur.com\/wp-content\/uploads\/2025\/10\/Screenshot-2025-10-09-at-12.39.44-768x1094.png 768w, https:\/\/agrokur.com\/wp-content\/uploads\/2025\/10\/Screenshot-2025-10-09-at-12.39.44-1078x1536.png 1078w, https:\/\/agrokur.com\/wp-content\/uploads\/2025\/10\/Screenshot-2025-10-09-at-12.39.44-700x997.png 700w, https:\/\/agrokur.com\/wp-content\/uploads\/2025\/10\/Screenshot-2025-10-09-at-12.39.44.png 1102w\" data-sizes=\"(max-width: 719px) 100vw, 719px\" src=\"data:image\/svg+xml;base64,PHN2ZyB3aWR0aD0iMSIgaGVpZ2h0PSIxIiB4bWxucz0iaHR0cDovL3d3dy53My5vcmcvMjAwMC9zdmciPjwvc3ZnPg==\" style=\"--smush-placeholder-width: 719px; --smush-placeholder-aspect-ratio: 719\/1024;\" \/>\t\t\t\t\t\t\t\t<\/a>\n\t\t\t\t\t\t\t\t\t\t\t\t\t\t\t<\/div>\n\t\t\t\t<\/div>\n\t\t\t\t<\/div>\n\t\t<div class=\"elementor-element elementor-element-96035f8 e-con-full e-flex e-con e-child\" data-id=\"96035f8\" data-element_type=\"container\">\n\t\t\t\t<div class=\"elementor-element elementor-element-920c44a elementor-widget elementor-widget-image\" data-id=\"920c44a\" data-element_type=\"widget\" data-widget_type=\"image.default\">\n\t\t\t\t<div class=\"elementor-widget-container\">\n\t\t\t\t\t\t\t\t\t\t\t\t\t\t\t\t<a href=\"https:\/\/agrokur.com\/wp-content\/uploads\/2025\/10\/Agrokur-Cert-4084956584-NOP-2025.pdf\">\n\t\t\t\t\t\t\t<img decoding=\"async\" width=\"793\" height=\"1024\" data-src=\"https:\/\/agrokur.com\/wp-content\/uploads\/2025\/10\/Screenshot-2025-10-09-at-12.40.24-793x1024.png\" class=\"attachment-large size-large wp-image-7546 lazyload\" alt=\"\" data-srcset=\"https:\/\/agrokur.com\/wp-content\/uploads\/2025\/10\/Screenshot-2025-10-09-at-12.40.24-793x1024.png 793w, https:\/\/agrokur.com\/wp-content\/uploads\/2025\/10\/Screenshot-2025-10-09-at-12.40.24-232x300.png 232w, https:\/\/agrokur.com\/wp-content\/uploads\/2025\/10\/Screenshot-2025-10-09-at-12.40.24-768x991.png 768w, https:\/\/agrokur.com\/wp-content\/uploads\/2025\/10\/Screenshot-2025-10-09-at-12.40.24-1190x1536.png 1190w, https:\/\/agrokur.com\/wp-content\/uploads\/2025\/10\/Screenshot-2025-10-09-at-12.40.24-700x904.png 700w, https:\/\/agrokur.com\/wp-content\/uploads\/2025\/10\/Screenshot-2025-10-09-at-12.40.24.png 1244w\" data-sizes=\"(max-width: 793px) 100vw, 793px\" src=\"data:image\/svg+xml;base64,PHN2ZyB3aWR0aD0iMSIgaGVpZ2h0PSIxIiB4bWxucz0iaHR0cDovL3d3dy53My5vcmcvMjAwMC9zdmciPjwvc3ZnPg==\" style=\"--smush-placeholder-width: 793px; --smush-placeholder-aspect-ratio: 793\/1024;\" \/>\t\t\t\t\t\t\t\t<\/a>\n\t\t\t\t\t\t\t\t\t\t\t\t\t\t\t<\/div>\n\t\t\t\t<\/div>\n\t\t\t\t<\/div>\n\t\t<div class=\"elementor-element elementor-element-067506f e-con-full e-flex e-con e-child\" data-id=\"067506f\" data-element_type=\"container\">\n\t\t\t\t<\/div>\n\t\t\t\t\t<\/div>\n\t\t\t\t<\/div>\n\t\t\t\t<\/div>\n\t\t","protected":false},"excerpt":{"rendered":"<p>Ceres taraf\u0131ndan belgelendirilmi\u015f organik t\u0131bbi aromatik bitklerimiz Japonya, Amerika, Avrupa Birli\u011fi ve T\u00fcrkiye organik reg\u00fclasyonlar\u0131na uyumludur.<\/p>\n","protected":false},"author":2,"featured_media":0,"parent":0,"menu_order":0,"comment_status":"closed","ping_status":"closed","template":"","meta":{"inline_featured_image":false,"footnotes":""},"class_list":["post-5919","page","type-page","status-publish","hentry"],"_links":{"self":[{"href":"https:\/\/agrokur.com\/index.php?rest_route=\/wp\/v2\/pages\/5919","targetHints":{"allow":["GET"]}}],"collection":[{"href":"https:\/\/agrokur.com\/index.php?rest_route=\/wp\/v2\/pages"}],"about":[{"href":"https:\/\/agrokur.com\/index.php?rest_route=\/wp\/v2\/types\/page"}],"author":[{"embeddable":true,"href":"https:\/\/agrokur.com\/index.php?rest_route=\/wp\/v2\/users\/2"}],"replies":[{"embeddable":true,"href":"https:\/\/agrokur.com\/index.php?rest_route=%2Fwp%2Fv2%2Fcomments&post=5919"}],"version-history":[{"count":43,"href":"https:\/\/agrokur.com\/index.php?rest_route=\/wp\/v2\/pages\/5919\/revisions"}],"predecessor-version":[{"id":7549,"href":"https:\/\/agrokur.com\/index.php?rest_route=\/wp\/v2\/pages\/5919\/revisions\/7549"}],"wp:attachment":[{"href":"https:\/\/agrokur.com\/index.php?rest_route=%2Fwp%2Fv2%2Fmedia&parent=5919"}],"curies":[{"name":"wp","href":"https:\/\/api.w.org\/{rel}","templated":true}]}}