{"id":6502,"date":"2024-03-28T18:06:29","date_gmt":"2024-03-28T15:06:29","guid":{"rendered":"https:\/\/agrokur.com\/?page_id=6502"},"modified":"2024-04-03T13:13:59","modified_gmt":"2024-04-03T10:13:59","slug":"kvkk-aydinlatma-metni","status":"publish","type":"page","link":"https:\/\/agrokur.com\/?page_id=6502","title":{"rendered":"KVKK Ayd\u0131nlatma Metni"},"content":{"rendered":"\t\t<div data-elementor-type=\"wp-page\" data-elementor-id=\"6502\" class=\"elementor elementor-6502\">\n\t\t\t\t<div class=\"elementor-element elementor-element-1c9dabd7 e-flex e-con-boxed e-con e-parent\" data-id=\"1c9dabd7\" data-element_type=\"container\" data-settings=\"{&quot;background_background&quot;:&quot;classic&quot;}\">\n\t\t\t\t\t<div class=\"e-con-inner\">\n\t\t\t\t<div class=\"elementor-element elementor-element-2fc6815f elementor-widget elementor-widget-heading\" data-id=\"2fc6815f\" data-element_type=\"widget\" data-widget_type=\"heading.default\">\n\t\t\t\t<div class=\"elementor-widget-container\">\n\t\t\t\t\t<h2 class=\"elementor-heading-title elementor-size-default\">KVKK Ayd\u0131nlatma Metni<\/h2>\t\t\t\t<\/div>\n\t\t\t\t<\/div>\n\t\t\t\t\t<\/div>\n\t\t\t\t<\/div>\n\t\t<div class=\"elementor-element elementor-element-cea39b6 e-flex e-con-boxed e-con e-parent\" data-id=\"cea39b6\" data-element_type=\"container\">\n\t\t\t\t\t<div class=\"e-con-inner\">\n\t\t\t\t<div class=\"elementor-element elementor-element-bd46d1a elementor-widget elementor-widget-text-editor\" data-id=\"bd46d1a\" data-element_type=\"widget\" data-widget_type=\"text-editor.default\">\n\t\t\t\t<div class=\"elementor-widget-container\">\n\t\t\t\t\t\t\t\t\t<p><strong>AGROKUR ORGAN\u0130K TIBB\u0130 VE AROMAT\u0130K B\u0130TK\u0130LER \u00dcRET\u0130M A.\u015e.\u00a0 <\/strong><\/p><p><strong>K\u0130\u015e\u0130SEL VER\u0130LER\u0130 KORUMA KANUNU KAPSAMINDA AYDINLATMA METN\u0130<\/strong><\/p><p><strong>AGROKUR ORGAN\u0130K TIBB\u0130 VE AROMAT\u0130K B\u0130TK\u0130LER \u00dcRET\u0130M A.\u015e.\u00a0 <\/strong>, i\u015f alan\u0131ndaki dikkat ve disiplinini ki\u015fisel verileri korumak a\u00e7\u0131s\u0131ndan g\u00f6stermektedir. Bu bak\u0131mdan <strong>AGROKUR ORGAN\u0130K TIBB\u0130 VE AROMAT\u0130K B\u0130TK\u0130LER \u00dcRET\u0130M A.\u015e.\u00a0 <\/strong>, Anayasan\u0131n 20. Maddesi, 6698 Say\u0131l\u0131 Ki\u015fisel Verileri Koruma Kanunu ve her t\u00fcrl\u00fc ikincil dereceden y\u00f6netmelik, genelge gibi ki\u015fisel verileri d\u00fczenlemeye yarayan genel ve \u00f6zel nitelikli mevzuat\u0131n hepsine uyarak ki\u015fisel verileri toplar, muhafaza eder ve gerekti\u011finde siler. 6698 say\u0131l\u0131 kanun gere\u011fince <strong>AGROKUR ORGAN\u0130K TIBB\u0130 VE AROMAT\u0130K B\u0130TK\u0130LER \u00dcRET\u0130M A.\u015e. \u00a0<\/strong>\u00a0\u201c<strong>Veri Sorumlusu<\/strong>\u201d olarak kanun ve mevzuatta bulunan y\u00f6nergelere uygun \u015fekilde hareket eder.<\/p><p><strong>TANIMLAR VE A\u00c7IKLAMALAR:<\/strong><\/p><ul><li><strong><u>Ki\u015fisel veri :<\/u><\/strong> Kimli\u011fi belirli veya belirlenebilir ger\u00e7ek ki\u015fiye ili\u015fkin her t\u00fcrl\u00fc bilgiyi,<\/li><li><strong><u>Ki\u015fisel verilerin i\u015flenmesi :<\/u><\/strong> Ki\u015fisel verilerin tamamen veya k\u0131smen otomatik olan ya da herhangi bir veri kay\u0131t sisteminin par\u00e7as\u0131 olmak kayd\u0131yla otomatik olmayan yollarla elde edilmesi, kaydedilmesi, depolanmas\u0131, muhafaza edilmesi, de\u011fi\u015ftirilmesi, yeniden d\u00fczenlenmesi, a\u00e7\u0131klanmas\u0131, aktar\u0131lmas\u0131, devral\u0131nmas\u0131, elde edilebilir h\u00e2le getirilmesi, s\u0131n\u0131fland\u0131r\u0131lmas\u0131 ya da kullan\u0131lmas\u0131n\u0131n engellenmesi gibi veriler \u00fczerinde ger\u00e7ekle\u015ftirilen her t\u00fcrl\u00fc i\u015flemi,<\/li><li><strong><u>Kurum :<\/u><\/strong> Ki\u015fisel Verileri Koruma Kurumunu,<\/li><li><strong><u>Veri i\u015fleyen :<\/u><\/strong> Veri sorumlusunun verdi\u011fi yetkiye dayanarak onun ad\u0131na ki\u015fisel verileri i\u015fleyen ger\u00e7ek veya t\u00fczel ki\u015fiyi,<\/li><li><strong><u>Veri kay\u0131t sistemi :<\/u><\/strong> Ki\u015fisel verilerin belirli kriterlere g\u00f6re yap\u0131land\u0131r\u0131larak i\u015flendi\u011fi kay\u0131t sistemini,<\/li><li><strong><u>Veri sorumlusu :<\/u><\/strong> Ki\u015fisel verilerin i\u015fleme ama\u00e7lar\u0131n\u0131 ve vas\u0131talar\u0131n\u0131 belirleyen, veri kay\u0131t sisteminin kurulmas\u0131ndan ve y\u00f6netilmesinden sorumlu olan ger\u00e7ek veya t\u00fczel ki\u015fiyi, ifade etmektedir.<\/li><\/ul><p><strong>\u00a0<\/strong><\/p><ul><li><strong>K\u0130\u015e\u0130SEL VER\u0130LER\u0130N \u0130\u015eLENMES\u0130NDE GENEL \u0130LKELER<\/strong><\/li><\/ul><p><strong>AGROKUR ORGAN\u0130K TIBB\u0130 VE AROMAT\u0130K B\u0130TK\u0130LER \u00dcRET\u0130M A.\u015e.\u00a0 ,<\/strong> ki\u015fisel verilerin i\u015flenmesinde 6698 say\u0131l\u0131 Kanun\u2019un ortaya koymu\u015f oldu\u011fu genel ilkelere uygun davranmaktad\u0131r. \u0130\u015fbu ilkeler;<\/p><ul><li>Hukuka ve d\u00fcr\u00fcstl\u00fck kurallar\u0131na uygun olma,<\/li><li>Do\u011fru ve gerekti\u011finde g\u00fcncel olma,<\/li><li>Belirli, a\u00e7\u0131k ve me\u015fru ama\u00e7lar i\u00e7in i\u015flenme,<\/li><li>\u0130\u015flendikleri ama\u00e7la ba\u011flant\u0131l\u0131, s\u0131n\u0131rl\u0131 ve \u00f6l\u00e7\u00fcl\u00fc olma,<\/li><li>\u0130lgili mevzuatta \u00f6ng\u00f6r\u00fclen veya i\u015flendikleri ama\u00e7 i\u00e7in gerekli olan s\u00fcre kadar muhafaza etmektir.<\/li><\/ul><ul><li><strong>VER\u0130 SORUMLUSU OLARAK<\/strong><strong> AGROKUR ORGAN\u0130K TIBB\u0130 VE AROMAT\u0130K B\u0130TK\u0130LER \u00dcRET\u0130M A.\u015e. <\/strong><\/li><\/ul><p><strong>AGROKUR ORGAN\u0130K TIBB\u0130 VE AROMAT\u0130K B\u0130TK\u0130LER \u00dcRET\u0130M A.\u015e.\u00a0<\/strong><\/p><p>K\u0131s\u0131kl\u0131 Mahallesi \u0130ncir Sokak Numara 2 34692 \u00dcsk\u00fcdar \/ \u0130STANBUL<\/p><p>adresinde faaliyet g\u00f6stermektedir. Kanunda belirtildi\u011fi \u00fczere <strong>AGROKUR ORGAN\u0130K TIBB\u0130 VE AROMAT\u0130K B\u0130TK\u0130LER \u00dcRET\u0130M A.\u015e.\u00a0 <\/strong><strong>,<\/strong> <strong>\u201cVeri Sorumlusu<\/strong>\u201ddur.<\/p><ul><li><strong>AGROKUR ORGAN\u0130K TIBB\u0130 VE AROMAT\u0130K B\u0130TK\u0130LER \u00dcRET\u0130M A.\u015e. \u00a0<\/strong><strong>K\u0130\u015e\u0130SEL VER\u0130LER\u0130 TOPLAMA SEBEPLER\u0130<\/strong><\/li><\/ul><p><u>Veri sorumlusu \u015firket;<\/u><\/p><p><strong>AGROKUR ORGAN\u0130K TIBB\u0130 VE AROMAT\u0130K B\u0130TK\u0130LER \u00dcRET\u0130M A.\u015e.\u00a0 <\/strong>\u2019nin hizmetlerinden yaralanmak veya bilgi edinmek ama\u00e7l\u0131 ger\u00e7ekle\u015ftirece\u011finiz arama, internet sitesini ziyaret vb. durumlarda ileti\u015fime ge\u00e7ebilmek ve daha iyi hizmet verebilmek ad\u0131na ilgili ki\u015finin genel ve \u00f6zel nitelikli ki\u015fisel verilerini toplamaktad\u0131r.<\/p><p><strong>AGROKUR ORGAN\u0130K TIBB\u0130 VE AROMAT\u0130K B\u0130TK\u0130LER \u00dcRET\u0130M A.\u015e.\u00a0 <\/strong>, hukuka, ahlaka, adaba ve mevzuata ayk\u0131r\u0131 olarak ki\u015fisel veri toplamaz. \u0130lgili olmayan kurumlarla bu bilgileri payla\u015fmaz. D\u00fcr\u00fcstl\u00fck kurallar\u0131na uygun hareket eder.<\/p><ul><li><strong>AGROKUR ORGAN\u0130K TIBB\u0130 VE AROMAT\u0130K B\u0130TK\u0130LER \u00dcRET\u0130M A.\u015e. <\/strong><strong>\u2019nin<\/strong><strong> VER\u0130LER\u0130 \u0130\u015eLEME SEBEPLER\u0130<\/strong><\/li><\/ul><p><strong>OKUR A.\u015e<\/strong>\u2019nin hizmetlerinden yaralanmak veya bilgi edinmek ama\u00e7l\u0131 ger\u00e7ekle\u015ftirece\u011finiz arama, internet sitesini ziyaret\u00a0 vb. durumlarda ileti\u015fime ge\u00e7ebilmek ve daha iyi hizmet verebilmek ad\u0131na ilgili ki\u015finin genel ve \u00f6zel nitelikli ki\u015fisel verilerini depolamak ve i\u015flemek durumundad\u0131r. Ki\u015fisel verileriniz <strong>AGROKUR ORGAN\u0130K TIBB\u0130 VE AROMAT\u0130K B\u0130TK\u0130LER \u00dcRET\u0130M A.\u015e.\u00a0 <\/strong>\u00a0taraf\u0131ndan;<\/p><ul><li>6698 Say\u0131l\u0131 Ki\u015fisel Verileri Koruma Kanunu<\/li><li>T\u00fcrkiye Cumhuriyeti Anayasas\u0131<\/li><li>488 Say\u0131l\u0131 Damga Vergisi Kanunu<\/li><li>492 Say\u0131l\u0131 Har\u00e7lar Kanunu<\/li><li>5809 Elektronik Haberle\u015fme Kanunu<\/li><li>6698 say\u0131l\u0131 Ki\u015fisel Verilerin Korunmas\u0131 Kanunu\u2019nda ve bu Kanun\u2019a ba\u011fl\u0131 \u00e7\u0131kar\u0131lan ikinci d\u00fczenlemelerde belirtilen y\u00fck\u00fcml\u00fcl\u00fcklerimizi yerine getirmek ve yukar\u0131da say\u0131lan ama\u00e7larla kanunda belirtilen s\u0131n\u0131rlar \u00e7er\u00e7evesinde hukuka, d\u00fcr\u00fcstl\u00fck kurallar\u0131na uygun ve i\u015fbu ama\u00e7larla her daim ba\u011flant\u0131l\u0131, s\u0131n\u0131rl\u0131 ve \u00f6l\u00e7\u00fcl\u00fc \u015fekilde i\u015flenmektedir.<\/li><\/ul><ul><li><strong>AGROKUR ORGAN\u0130K TIBB\u0130 VE AROMAT\u0130K B\u0130TK\u0130LER \u00dcRET\u0130M A.\u015e. <\/strong><strong>\u2019nin<\/strong><strong> K\u0130\u015e\u0130SEL VER\u0130LER\u0130 AKTARMA NEDENLER\u0130<\/strong><\/li><\/ul><p><strong>\u00a0\u00a0<\/strong>Ki\u015fisel verileriniz, yukar\u0131da say\u0131lan ama\u00e7lar d\u00e2hilinde, Kanun\u2019un 8. ve 9. maddesinde belirtilen \u015fartlara uygun olarak mevzuatta izin verilen ger\u00e7ek ve t\u00fczel ki\u015filere, gerekti\u011finde yetkili di\u011fer kamu kurum ve kurulu\u015flar\u0131na, s\u00f6zle\u015fmesel ili\u015fki kurulan ilgili tarafa, adli ve idari yarg\u0131 mercilerine, kolluk kuvvetlerine, i\u015f ili\u015fkisi i\u00e7erisinde oldu\u011fumuz kurum ve kurulu\u015flara, d\u0131\u015far\u0131ya hizmet verildi\u011fi durumlarda dan\u0131\u015fmanl\u0131k verilen ya da istihdam sa\u011flanan ilgili kuruma, altyap\u0131s\u0131n\u0131 haz\u0131rlad\u0131\u011f\u0131m\u0131z s\u00f6zle\u015fmesel ili\u015fkimiz bulunan \u015firket ya da \u015fah\u0131slara, d\u0131\u015far\u0131dan hizmet al\u0131nan dan\u0131\u015fmanl\u0131k, teknoloji ve e\u011fitim \u015firketlerine aktar\u0131labilmektedir.<\/p><ul><li><strong>K\u0130\u015e\u0130SEL VER\u0130LER NASIL TOPLANIYOR VE HUKUK\u0130 SEBEPLER\u0130 <\/strong><\/li><\/ul><p>Ki\u015fisel verileriniz; <strong>AGROKUR ORGAN\u0130K TIBB\u0130 VE AROMAT\u0130K B\u0130TK\u0130LER \u00dcRET\u0130M A.\u015e.\u00a0 <\/strong>\u00a0taraf\u0131ndan kendisi yahut yetkilendirilmi\u015f veri i\u015fleyen ger\u00e7ek veya t\u00fczel ki\u015filer taraf\u0131ndan, e-posta, telefon, internet sitesi, muhtelif s\u00f6zle\u015fmeler, k\u00e2\u011f\u0131t ortam\u0131nda tutulan formlar ve tutanaklar gibi vas\u0131talarla otomatik ve otomatik olmayan y\u00f6ntemlerle s\u00f6zl\u00fc, yaz\u0131l\u0131 veya elektronik ortamda toplanmaktad\u0131r. Toplanan, i\u015flenen ve depolanan \u00f6zel ve genel nitelikli ki\u015fisel veriler yukar\u0131da belirtilen ama\u00e7larla ba\u011fl\u0131 olarak toplan\u0131p, depolan\u0131p, i\u015flenmektedir.<\/p><ul><li><strong>VER\u0130 SAH\u0130PLER\u0130N\u0130N KANUN KAPSAMINDAK\u0130 HAKLARI<\/strong><\/li><\/ul><p>Diledi\u011finiz zaman <strong>AGROKUR ORGAN\u0130K TIBB\u0130 VE AROMAT\u0130K B\u0130TK\u0130LER \u00dcRET\u0130M A.\u015e.\u00a0 <\/strong>\u2019ye ba\u015fvurarak ki\u015fisel verilerinizin;<\/p><ul><li>\u0130\u015flenip i\u015flenmedi\u011fini, i\u015flenme amac\u0131n\u0131 ve amac\u0131na uygun kullan\u0131p kullan\u0131lmad\u0131\u011f\u0131 \u00f6\u011frenebilir ve i\u015flenmi\u015f ise bu konuda bilgi isteyebilir,<\/li><li>Kanun\u2019a uygun olarak yurt i\u00e7inde ve yurt d\u0131\u015f\u0131nda bilgilerinizin payla\u015f\u0131ld\u0131\u011f\u0131 \u00fc\u00e7\u00fcnc\u00fc ki\u015fileri \u00f6\u011frenebilir,<\/li><li>Bilgilerinizin eksik ya da hatal\u0131 i\u015flendi\u011fini d\u00fc\u015f\u00fcn\u00fcyorsan\u0131z d\u00fczeltilmesini isteyebilir,<\/li><li>Kanunun 7. maddesinde \u00f6ng\u00f6r\u00fclen \u015fartlar \u00e7er\u00e7evesinde bilgilerinizin silinmesini ya da yok edilmesini talep edebilir,<\/li><li>Bilgilerinizin aktar\u0131ld\u0131\u011f\u0131 \u00fc\u00e7\u00fcnc\u00fc ki\u015filere (c) ve (d) bentlerinde belirtilen taleplerinizin bildirilmesini ve ayn\u0131 i\u015flemleri ger\u00e7ekle\u015ftirmelerini isteyebilir,<\/li><li>Bilgilerinizin, otomatik sistemler ile analiz edilmesi nedeniyle aleyhinize bir sonucun ortaya \u00e7\u0131kmas\u0131na itiraz edebilir veya kanuna ayk\u0131r\u0131 olarak kaydedildi\u011fini veya kullan\u0131ld\u0131\u011f\u0131n\u0131 d\u00fc\u015f\u00fcn\u00fcyorsan\u0131z ve bu sebeple zarara u\u011fram\u0131\u015fsan\u0131z zarar\u0131n giderilmesini isteyebilirsiniz.<\/li><\/ul><p>Kanun kapsam\u0131ndaki haklar\u0131n\u0131zdan yararlanmak i\u00e7in ba\u015fvurular\u0131n\u0131z\u0131, yaz\u0131l\u0131 olarak <strong>AGROKUR ORGAN\u0130K TIBB\u0130 VE AROMAT\u0130K B\u0130TK\u0130LER \u00dcRET\u0130M A.\u015e.\u00a0 <\/strong>\u2019ye iletebilir, detayl\u0131 bilgi almak i\u00e7in\u00a0<a href=\"http:\/\/www.kvkk.gov.tr\/\"><strong>Ki\u015fisel Verileri Koruma Kurumu\u2019nun internet sayfas\u0131n\u0131 ziyaret edebilirsiniz.<\/strong><\/a><\/p><p><u>Ki\u015fisel veri sahibi olarak sahip oldu\u011funuz ve yukar\u0131da belirtilen haklar\u0131n\u0131z\u0131 kullanmak i\u00e7in yapaca\u011f\u0131n\u0131z ve kullanmay\u0131 talep etti\u011finiz hakka ili\u015fkin a\u00e7\u0131klamalar\u0131n\u0131z\u0131 i\u00e7eren ba\u015fvuruda; talep etti\u011finiz hususun a\u00e7\u0131k ve anla\u015f\u0131l\u0131r olmas\u0131, talep etti\u011finiz konunun \u015fahs\u0131n\u0131z ile ilgili olmas\u0131 veya ba\u015fkas\u0131 ad\u0131na hareket ediyor iseniz bu konuda noter taraf\u0131ndan tasdiklenmi\u015f \u00f6zel vek\u00e2letnamenizi ibraz etmeniz gerekecektir.<\/u><\/p><p><u>Ba\u015fvurular\u0131n\u0131zda, ad-soyad, imza, T.C. kimlik numaras\u0131, ikamet veya i\u015fyeri adresi, e-posta adresi, telefon ve faks numaras\u0131, talep konusu unsurlar\u0131n\u0131n bulunmas\u0131 \u201c<strong>Veri Sorumlusuna Ba\u015fvuru Usul ve Esaslar\u0131 Hakk\u0131nda Tebli\u011f\u201d <\/strong>uyar\u0131nca zorunludur. S\u00f6z konusu unsurlar\u0131 bar\u0131nd\u0131rmayan ba\u015fvurular <\/u><strong><u>AGROKUR ORGAN\u0130K TIBB\u0130 VE AROMAT\u0130K B\u0130TK\u0130LER \u00dcRET\u0130M A.\u015e.\u00a0 <\/u><\/strong><u>\u00a0taraf\u0131ndan reddedilecektir. <\/u><\/p><p><strong>AGROKUR ORGAN\u0130K TIBB\u0130 VE AROMAT\u0130K B\u0130TK\u0130LER \u00dcRET\u0130M A.\u015e.\u00a0 <\/strong>\u2019nin i\u015fbu ayd\u0131nlatma metninde Kanun\u2019dan, ikincil d\u00fczenlemelerden ve Kurul kararlar\u0131ndan do\u011fan sebeplerle de\u011fi\u015fiklik yapma hakk\u0131 her zaman sakl\u0131d\u0131r. Ayd\u0131nlatma metninde yap\u0131lacak de\u011fi\u015fiklikler ve g\u00fcncel metin taraf\u0131n\u0131za tebli\u011f edildi\u011fi tarih itibariyle derhal ge\u00e7erlilik kazanacakt\u0131r.<\/p><p><strong>AGROKUR ORGAN\u0130K TIBB\u0130 VE AROMAT\u0130K B\u0130TK\u0130LER \u00dcRET\u0130M A.\u015e.\u00a0 <\/strong><\/p>\t\t\t\t\t\t\t\t<\/div>\n\t\t\t\t<\/div>\n\t\t\t\t\t<\/div>\n\t\t\t\t<\/div>\n\t\t\t\t<\/div>\n\t\t","protected":false},"excerpt":{"rendered":"<p>KVKK Ayd\u0131nlatma Metni AGROKUR ORGAN\u0130K TIBB\u0130 VE AROMAT\u0130K B\u0130TK\u0130LER \u00dcRET\u0130M A.\u015e.\u00a0 K\u0130\u015e\u0130SEL VER\u0130LER\u0130 KORUMA KANUNU KAPSAMINDA AYDINLATMA METN\u0130 AGROKUR ORGAN\u0130K TIBB\u0130 VE AROMAT\u0130K B\u0130TK\u0130LER \u00dcRET\u0130M A.\u015e.\u00a0 , i\u015f alan\u0131ndaki dikkat ve disiplinini ki\u015fisel verileri korumak a\u00e7\u0131s\u0131ndan g\u00f6stermektedir. Bu bak\u0131mdan AGROKUR ORGAN\u0130K TIBB\u0130 VE AROMAT\u0130K B\u0130TK\u0130LER \u00dcRET\u0130M A.\u015e.\u00a0 , Anayasan\u0131n 20. Maddesi, 6698 Say\u0131l\u0131 Ki\u015fisel Verileri [&hellip;]<\/p>\n","protected":false},"author":2,"featured_media":0,"parent":0,"menu_order":0,"comment_status":"closed","ping_status":"closed","template":"","meta":{"inline_featured_image":false,"footnotes":""},"class_list":["post-6502","page","type-page","status-publish","hentry"],"_links":{"self":[{"href":"https:\/\/agrokur.com\/index.php?rest_route=\/wp\/v2\/pages\/6502","targetHints":{"allow":["GET"]}}],"collection":[{"href":"https:\/\/agrokur.com\/index.php?rest_route=\/wp\/v2\/pages"}],"about":[{"href":"https:\/\/agrokur.com\/index.php?rest_route=\/wp\/v2\/types\/page"}],"author":[{"embeddable":true,"href":"https:\/\/agrokur.com\/index.php?rest_route=\/wp\/v2\/users\/2"}],"replies":[{"embeddable":true,"href":"https:\/\/agrokur.com\/index.php?rest_route=%2Fwp%2Fv2%2Fcomments&post=6502"}],"version-history":[{"count":16,"href":"https:\/\/agrokur.com\/index.php?rest_route=\/wp\/v2\/pages\/6502\/revisions"}],"predecessor-version":[{"id":6944,"href":"https:\/\/agrokur.com\/index.php?rest_route=\/wp\/v2\/pages\/6502\/revisions\/6944"}],"wp:attachment":[{"href":"https:\/\/agrokur.com\/index.php?rest_route=%2Fwp%2Fv2%2Fmedia&parent=6502"}],"curies":[{"name":"wp","href":"https:\/\/api.w.org\/{rel}","templated":true}]}}