{"id":7054,"date":"2024-04-19T21:53:24","date_gmt":"2024-04-19T18:53:24","guid":{"rendered":"https:\/\/agrokur.com\/?page_id=7054"},"modified":"2024-04-20T18:55:48","modified_gmt":"2024-04-20T15:55:48","slug":"contact-us","status":"publish","type":"page","link":"https:\/\/agrokur.com\/?page_id=7054&lang=en","title":{"rendered":"Contact Us"},"content":{"rendered":"\t\t<div data-elementor-type=\"wp-page\" data-elementor-id=\"7054\" class=\"elementor elementor-7054\">\n\t\t\t\t<div class=\"elementor-element elementor-element-3a07ad38 e-flex e-con-boxed e-con e-parent\" data-id=\"3a07ad38\" data-element_type=\"container\" data-settings=\"{&quot;background_background&quot;:&quot;classic&quot;}\">\n\t\t\t\t\t<div class=\"e-con-inner\">\n\t\t\t\t<div class=\"elementor-element elementor-element-5fdd6949 elementor-widget elementor-widget-heading\" data-id=\"5fdd6949\" data-element_type=\"widget\" data-widget_type=\"heading.default\">\n\t\t\t\t<div class=\"elementor-widget-container\">\n\t\t\t\t\t<h2 class=\"elementor-heading-title elementor-size-default\">Contact<\/h2>\t\t\t\t<\/div>\n\t\t\t\t<\/div>\n\t\t\t\t\t<\/div>\n\t\t\t\t<\/div>\n\t\t<div class=\"elementor-element elementor-element-64b8d07 e-flex e-con-boxed e-con e-parent\" data-id=\"64b8d07\" data-element_type=\"container\">\n\t\t\t\t\t<div class=\"e-con-inner\">\n\t\t<div class=\"elementor-element elementor-element-d47505a e-con-full e-flex e-con e-child\" data-id=\"d47505a\" data-element_type=\"container\">\n\t\t<div class=\"elementor-element elementor-element-6440dcb e-con-full e-flex e-con e-child\" data-id=\"6440dcb\" data-element_type=\"container\">\n\t\t\t\t<div class=\"elementor-element elementor-element-6ba0659 elementor-position-left elementor-vertical-align-middle elementor-view-default elementor-mobile-position-top elementor-widget elementor-widget-icon-box\" data-id=\"6ba0659\" data-element_type=\"widget\" data-widget_type=\"icon-box.default\">\n\t\t\t\t<div class=\"elementor-widget-container\">\n\t\t\t\t\t\t\t<div class=\"elementor-icon-box-wrapper\">\n\n\t\t\t\t\t\t<div class=\"elementor-icon-box-icon\">\n\t\t\t\t<span  class=\"elementor-icon elementor-animation-\">\n\t\t\t\t<i aria-hidden=\"true\" class=\"farmor-icon- farmor-icon-location1\"><\/i>\t\t\t\t<\/span>\n\t\t\t<\/div>\n\t\t\t\n\t\t\t\t\t\t<div class=\"elementor-icon-box-content\">\n\n\t\t\t\t\t\t\t\t\t<h3 class=\"elementor-icon-box-title\">\n\t\t\t\t\t\t<span  >\n\t\t\t\t\t\t\tHead Office & Location\t\t\t\t\t\t<\/span>\n\t\t\t\t\t<\/h3>\n\t\t\t\t\n\t\t\t\t\t\t\t\t\t<p class=\"elementor-icon-box-description\">\n\t\t\t\t\t\tK\u0131s\u0131kl\u0131, \u0130ncir Sk. No:2 \u00dcsk\u00fcdar\/\u0130stanbul\t\t\t\t\t<\/p>\n\t\t\t\t\n\t\t\t<\/div>\n\t\t\t\n\t\t<\/div>\n\t\t\t\t\t\t<\/div>\n\t\t\t\t<\/div>\n\t\t\t\t<\/div>\n\t\t<div class=\"elementor-element elementor-element-b5261d7 e-con-full e-flex e-con e-child\" data-id=\"b5261d7\" data-element_type=\"container\">\n\t\t\t\t<div class=\"elementor-element elementor-element-57f7c15 elementor-position-left elementor-vertical-align-middle elementor-view-default elementor-mobile-position-top elementor-widget elementor-widget-icon-box\" data-id=\"57f7c15\" data-element_type=\"widget\" data-widget_type=\"icon-box.default\">\n\t\t\t\t<div class=\"elementor-widget-container\">\n\t\t\t\t\t\t\t<div class=\"elementor-icon-box-wrapper\">\n\n\t\t\t\t\t\t<div class=\"elementor-icon-box-icon\">\n\t\t\t\t<span  class=\"elementor-icon elementor-animation-\">\n\t\t\t\t<i aria-hidden=\"true\" class=\"farmor-icon- farmor-icon-location1\"><\/i>\t\t\t\t<\/span>\n\t\t\t<\/div>\n\t\t\t\n\t\t\t\t\t\t<div class=\"elementor-icon-box-content\">\n\n\t\t\t\t\t\t\t\t\t<h3 class=\"elementor-icon-box-title\">\n\t\t\t\t\t\t<span  >\n\t\t\t\t\t\t\tBal\u0131kesir Organic Agriculture Operation Center\t\t\t\t\t\t<\/span>\n\t\t\t\t\t<\/h3>\n\t\t\t\t\n\t\t\t\t\t\t\t\t\t<p class=\"elementor-icon-box-description\">\n\t\t\t\t\t\tPelit\u00f6ren Mahallesi \u2013 \u0130vrindi \u2013 Bal\u0131kesir \t\t\t\t\t<\/p>\n\t\t\t\t\n\t\t\t<\/div>\n\t\t\t\n\t\t<\/div>\n\t\t\t\t\t\t<\/div>\n\t\t\t\t<\/div>\n\t\t\t\t<\/div>\n\t\t<div class=\"elementor-element elementor-element-1b3ddda e-con-full e-flex e-con e-child\" data-id=\"1b3ddda\" data-element_type=\"container\">\n\t\t\t\t<div class=\"elementor-element elementor-element-006b3f0 elementor-position-left elementor-vertical-align-middle elementor-view-default elementor-mobile-position-top elementor-widget elementor-widget-icon-box\" data-id=\"006b3f0\" data-element_type=\"widget\" data-widget_type=\"icon-box.default\">\n\t\t\t\t<div class=\"elementor-widget-container\">\n\t\t\t\t\t\t\t<div class=\"elementor-icon-box-wrapper\">\n\n\t\t\t\t\t\t<div class=\"elementor-icon-box-icon\">\n\t\t\t\t<a href=\"mailto:info@agrokur.com%20\" class=\"elementor-icon elementor-animation-\" tabindex=\"-1\">\n\t\t\t\t<i aria-hidden=\"true\" class=\"farmor-icon- farmor-icon-envelope\"><\/i>\t\t\t\t<\/a>\n\t\t\t<\/div>\n\t\t\t\n\t\t\t\t\t\t<div class=\"elementor-icon-box-content\">\n\n\t\t\t\t\t\t\t\t\t<h3 class=\"elementor-icon-box-title\">\n\t\t\t\t\t\t<a href=\"mailto:info@agrokur.com%20\" >\n\t\t\t\t\t\t\tE-Mail\t\t\t\t\t\t<\/a>\n\t\t\t\t\t<\/h3>\n\t\t\t\t\n\t\t\t\t\t\t\t\t\t<p class=\"elementor-icon-box-description\">\n\t\t\t\t\t\tinfo@agrokur.com \t\t\t\t\t<\/p>\n\t\t\t\t\n\t\t\t<\/div>\n\t\t\t\n\t\t<\/div>\n\t\t\t\t\t\t<\/div>\n\t\t\t\t<\/div>\n\t\t\t\t<\/div>\n\t\t\t\t<\/div>\n\t\t\t\t\t<\/div>\n\t\t\t\t<\/div>\n\t\t<div class=\"elementor-element elementor-element-f5232d2 e-flex e-con-boxed e-con e-parent\" data-id=\"f5232d2\" data-element_type=\"container\">\n\t\t\t\t\t<div class=\"e-con-inner\">\n\t\t<div class=\"elementor-element elementor-element-929b636 e-con-full e-flex e-con e-child\" data-id=\"929b636\" data-element_type=\"container\">\n\t\t\t\t<div class=\"elementor-element elementor-element-4f24f4b elementor-widget elementor-widget-google_maps\" data-id=\"4f24f4b\" data-element_type=\"widget\" data-widget_type=\"google_maps.default\">\n\t\t\t\t<div class=\"elementor-widget-container\">\n\t\t\t\t\t\t\t<div class=\"elementor-custom-embed\">\n\t\t\t<iframe\n\t\t\t\t\tdata-src=\"https:\/\/maps.google.com\/maps?q=K%C4%B1s%C4%B1kl%C4%B1%2C%20%C4%B0ncir%20sk.%20no%3A2%20%C3%BCsk%C3%BCdar%2Fistanbul&#038;t=m&#038;z=16&#038;output=embed&#038;iwloc=near\"\n\t\t\t\t\ttitle=\"K\u0131s\u0131kl\u0131, \u0130ncir sk. no:2 \u00fcsk\u00fcdar\/istanbul\"\n\t\t\t\t\taria-label=\"K\u0131s\u0131kl\u0131, \u0130ncir sk. no:2 \u00fcsk\u00fcdar\/istanbul\"\n\t\t\t src=\"data:image\/svg+xml;base64,PHN2ZyB3aWR0aD0iMSIgaGVpZ2h0PSIxIiB4bWxucz0iaHR0cDovL3d3dy53My5vcmcvMjAwMC9zdmciPjwvc3ZnPg==\" class=\"lazyload\" data-load-mode=\"1\"><\/iframe>\n\t\t<\/div>\n\t\t\t\t\t\t<\/div>\n\t\t\t\t<\/div>\n\t\t\t\t<\/div>\n\t\t<div class=\"elementor-element elementor-element-f66da76 e-con-full e-flex e-con e-child\" data-id=\"f66da76\" data-element_type=\"container\">\n\t\t\t\t<div class=\"elementor-element elementor-element-f75b141 elementor-widget elementor-widget-google_maps\" data-id=\"f75b141\" data-element_type=\"widget\" data-widget_type=\"google_maps.default\">\n\t\t\t\t<div class=\"elementor-widget-container\">\n\t\t\t\t\t\t\t<div class=\"elementor-custom-embed\">\n\t\t\t<iframe\n\t\t\t\t\tdata-src=\"https:\/\/maps.google.com\/maps?q=pelit%C3%B6ren%20mahallesi%20ivrindi&#038;t=m&#038;z=15&#038;output=embed&#038;iwloc=near\"\n\t\t\t\t\ttitle=\"pelit\u00f6ren mahallesi ivrindi\"\n\t\t\t\t\taria-label=\"pelit\u00f6ren mahallesi ivrindi\"\n\t\t\t src=\"data:image\/svg+xml;base64,PHN2ZyB3aWR0aD0iMSIgaGVpZ2h0PSIxIiB4bWxucz0iaHR0cDovL3d3dy53My5vcmcvMjAwMC9zdmciPjwvc3ZnPg==\" class=\"lazyload\" data-load-mode=\"1\"><\/iframe>\n\t\t<\/div>\n\t\t\t\t\t\t<\/div>\n\t\t\t\t<\/div>\n\t\t\t\t<\/div>\n\t\t\t\t\t<\/div>\n\t\t\t\t<\/div>\n\t\t<div class=\"elementor-element elementor-element-4332e10 e-flex e-con-boxed e-con e-parent\" data-id=\"4332e10\" data-element_type=\"container\">\n\t\t\t\t\t<div class=\"e-con-inner\">\n\t\t<div class=\"elementor-element elementor-element-c8a09e7 e-con-full e-flex e-con e-child\" data-id=\"c8a09e7\" data-element_type=\"container\">\n\t\t<div class=\"elementor-element elementor-element-af54769 e-con-full e-flex e-con e-child\" data-id=\"af54769\" data-element_type=\"container\">\n\t\t<div class=\"elementor-element elementor-element-61d16e3 e-con-full e-flex e-con e-child\" data-id=\"61d16e3\" data-element_type=\"container\">\n\t\t<div class=\"elementor-element elementor-element-0a22918 e-con-full e-flex e-con e-child\" data-id=\"0a22918\" data-element_type=\"container\">\n\t\t\t\t<div class=\"elementor-element elementor-element-570858d elementor-widget__width-auto elementor-widget-mobile__width-auto elementor-widget elementor-widget-text-editor\" data-id=\"570858d\" data-element_type=\"widget\" data-widget_type=\"text-editor.default\">\n\t\t\t\t<div class=\"elementor-widget-container\">\n\t\t\t\t\t\t\t\t\t<p>Contact Form<\/p>\t\t\t\t\t\t\t\t<\/div>\n\t\t\t\t<\/div>\n\t\t\t\t<\/div>\n\t\t\t\t<div class=\"elementor-element elementor-element-6c2926d elementor-widget__width-initial elementor-widget elementor-widget-heading\" data-id=\"6c2926d\" data-element_type=\"widget\" data-widget_type=\"heading.default\">\n\t\t\t\t<div class=\"elementor-widget-container\">\n\t\t\t\t\t<h2 class=\"elementor-heading-title elementor-size-default\">Contact Us<\/h2>\t\t\t\t<\/div>\n\t\t\t\t<\/div>\n\t\t\t\t<\/div>\n\t\t\t\t<\/div>\n\t\t<div class=\"elementor-element elementor-element-e263640 e-con-full e-flex e-con e-child\" data-id=\"e263640\" data-element_type=\"container\">\n\t\t\t\t<div class=\"elementor-element elementor-element-1622403 elementor-widget elementor-widget-image\" data-id=\"1622403\" data-element_type=\"widget\" data-widget_type=\"image.default\">\n\t\t\t\t<div class=\"elementor-widget-container\">\n\t\t\t\t\t\t\t\t\t\t\t\t\t\t\t<img fetchpriority=\"high\" decoding=\"async\" width=\"605\" height=\"403\" src=\"https:\/\/agrokur.com\/wp-content\/uploads\/2024\/03\/Resim1.jpg\" class=\"attachment-full size-full wp-image-6535\" alt=\"\" srcset=\"https:\/\/agrokur.com\/wp-content\/uploads\/2024\/03\/Resim1.jpg 605w, https:\/\/agrokur.com\/wp-content\/uploads\/2024\/03\/Resim1-300x200.jpg 300w, https:\/\/agrokur.com\/wp-content\/uploads\/2024\/03\/Resim1-400x267.jpg 400w\" sizes=\"(max-width: 605px) 100vw, 605px\" \/>\t\t\t\t\t\t\t\t\t\t\t\t\t\t\t<\/div>\n\t\t\t\t<\/div>\n\t\t\t\t<\/div>\n\t\t\t\t<\/div>\n\t\t\t\t\t<\/div>\n\t\t\t\t<\/div>\n\t\t\t\t<\/div>\n\t\t","protected":false},"excerpt":{"rendered":"<p>Contact Head Office &#038; Location K\u0131s\u0131kl\u0131, \u0130ncir Sk. No:2 \u00dcsk\u00fcdar\/\u0130stanbul Bal\u0131kesir Organic Agriculture Operation Center Pelit\u00f6ren Mahallesi \u2013 \u0130vrindi \u2013 Bal\u0131kesir E-Mail info@agrokur.com Contact Form Contact Us &#8212;Konu Se\u00e7iniz&#8212;MeetingInformationCooperationOther Please write your message I have read and agreed to PDPL and Clarification Text. Send<\/p>\n","protected":false},"author":2,"featured_media":0,"parent":0,"menu_order":0,"comment_status":"closed","ping_status":"closed","template":"","meta":{"inline_featured_image":false,"footnotes":""},"class_list":["post-7054","page","type-page","status-publish","hentry"],"_links":{"self":[{"href":"https:\/\/agrokur.com\/index.php?rest_route=\/wp\/v2\/pages\/7054","targetHints":{"allow":["GET"]}}],"collection":[{"href":"https:\/\/agrokur.com\/index.php?rest_route=\/wp\/v2\/pages"}],"about":[{"href":"https:\/\/agrokur.com\/index.php?rest_route=\/wp\/v2\/types\/page"}],"author":[{"embeddable":true,"href":"https:\/\/agrokur.com\/index.php?rest_route=\/wp\/v2\/users\/2"}],"replies":[{"embeddable":true,"href":"https:\/\/agrokur.com\/index.php?rest_route=%2Fwp%2Fv2%2Fcomments&post=7054"}],"version-history":[{"count":7,"href":"https:\/\/agrokur.com\/index.php?rest_route=\/wp\/v2\/pages\/7054\/revisions"}],"predecessor-version":[{"id":7243,"href":"https:\/\/agrokur.com\/index.php?rest_route=\/wp\/v2\/pages\/7054\/revisions\/7243"}],"wp:attachment":[{"href":"https:\/\/agrokur.com\/index.php?rest_route=%2Fwp%2Fv2%2Fmedia&parent=7054"}],"curies":[{"name":"wp","href":"https:\/\/api.w.org\/{rel}","templated":true}]}}